{"id":74,"date":"2023-05-19T09:43:09","date_gmt":"2023-05-19T12:43:09","guid":{"rendered":"https:\/\/wildwavebacalar.com\/?page_id=74"},"modified":"2024-08-28T11:03:09","modified_gmt":"2024-08-28T16:03:09","slug":"wild-wave-bacalar-2","status":"publish","type":"page","link":"https:\/\/wildwavebacalar.com\/en\/","title":{"rendered":"Home"},"content":{"rendered":"<h1>EXPLORA BACALAR CON NOSOTROS<\/h1>\n<p>Descubre la Magia de Bacalar en Wild Wave. Navega por las aguas cristalinas de la Laguna de los siete colores y sum\u00e9rgete en su belleza natural.<\/p>\n<p><a href=\"#\" role=\"button\"><br \/>\n\u00a1Reserva ahora y emb\u00e1rcate en la aventura de tu vida!<br \/>\n<\/a><\/p>\n<p>Nuestros tours te llevar\u00e1n a lugares m\u00e1gicos y te permitir\u00e1n conectar con la naturaleza en su m\u00e1ximo esplendor<\/p>\n<p><a href=\"#\" role=\"button\"><br \/>\n\u00a1Quiero ver m\u00e1s!<br \/>\n<\/a><\/p>\n<h2>Vive momentos inolvidables&#8230;<\/h2>\n<p>Te brindamos la oportunidad de crear recuerdos duraderos.<\/p>\n<p>Nuestros expertos gu\u00edas te llevar\u00e1n a trav\u00e9s de las aguas cristalinas de la Laguna de los siete colores, donde podr\u00e1s disfrutar de paisajes de ensue\u00f1o y sumergirte en la tranquilidad que ofrece este para\u00edso natural.<\/p>\n<p><a href=\"#\" role=\"button\"><br \/>\n\u00a1Quiero vivir una aventura \u00fanica!<br \/>\n<\/a><br \/>\n<img decoding=\"async\" width=\"768\" height=\"960\" src=\"https:\/\/wildwavebacalar.com\/wp-content\/uploads\/2023\/06\/DSC02444-768x960.jpg\" alt=\"\" loading=\"lazy\" srcset=\"https:\/\/wildwavebacalar.com\/wp-content\/uploads\/2023\/06\/DSC02444-768x960.jpg 768w, https:\/\/wildwavebacalar.com\/wp-content\/uploads\/2023\/06\/DSC02444-240x300.jpg 240w, https:\/\/wildwavebacalar.com\/wp-content\/uploads\/2023\/06\/DSC02444-819x1024.jpg 819w, https:\/\/wildwavebacalar.com\/wp-content\/uploads\/2023\/06\/DSC02444-1229x1536.jpg 1229w, https:\/\/wildwavebacalar.com\/wp-content\/uploads\/2023\/06\/DSC02444-1639x2048.jpg 1639w, https:\/\/wildwavebacalar.com\/wp-content\/uploads\/2023\/06\/DSC02444-scaled.jpg 2048w\" sizes=\"auto, (max-width: 768px) 100vw, 768px\"><\/p>\n<p>Explora los tesoros ocultos de la Laguna de los siete colores de la mano de Wild Wave Bacalar. Sum\u00e9rgete en un ecosistema fascinante y marav\u00edllate con la diversidad de flora y fauna que encontrar\u00e1s a lo largo de tu recorrido.<\/p>\n<h2>BEST TOURS<\/h2>\n\n<script>\n  if (typeof hasAmeliaEntitiesApiCall === 'undefined' && ('' === '' && '' !== '1')) {\n    var hasAmeliaEntitiesApiCall = true;\n  }\n  var ameliaShortcodeData = (typeof ameliaShortcodeData === 'undefined') ? [] : ameliaShortcodeData;\n  ameliaShortcodeData.push(\n    {\n      'hasApiCall': (typeof hasAmeliaEntitiesApiCall !== 'undefined') && hasAmeliaEntitiesApiCall,\n      'trigger': '',\n      'trigger_type': '',\n      'triggered_form': 'cbf',\n      'in_dialog': '',\n      'show': '',\n      'counter': '1000',\n      'package': '',\n      'category': '',\n      'service': '',\n      'employee': '',\n      'location': '',\n      'categories_hidden': ''\n    }\n  );\n  var ameliaShortcodeDataTriggered = (typeof ameliaShortcodeDataTriggered === 'undefined') ? [] : ameliaShortcodeDataTriggered;\n  if (ameliaShortcodeData[ameliaShortcodeData.length - 1].trigger !== '') {\n    if (ameliaShortcodeDataTriggered.filter(a => a.counter === ameliaShortcodeData[ameliaShortcodeData.length - 1].counter).length === 0) {\n      ameliaShortcodeDataTriggered.push(ameliaShortcodeData.pop());\n    } else {\n      ameliaShortcodeData.pop()\n    }\n  }\n  if (typeof hasAmeliaEntitiesApiCall !== 'undefined' && hasAmeliaEntitiesApiCall) {\n    hasAmeliaEntitiesApiCall = false;\n  }\n<\/script>\n\n<div\n  id=\"amelia-v2-booking-1000\"\n  class=\"amelia-v2-booking\"\n>\n    <catalog-form-wrapper><\/catalog-form-wrapper><\/div>\n\n<h4>Tour a la Laguna de Bacalar desde Costa Maya<\/h4>\n<p>Descubre la Laguna de Bacalar con un servicio de transporte desde Costa Maya. Explora cada rinc\u00f3n de esta m\u00e1gica laguna con gu\u00edas profesionales que har\u00e1n de tu experiencia una aventura inolvidable.<\/p>\n<p><a href=\"http:\/\/\">\u00a1Reservar ahora!<\/a><\/p>\n<h4>Tour en Velero por la Laguna de los 7 colores<\/h4>\n<p>Descubre la Laguna de los siete colores a bordo de un velero, comparte la experiencia con m\u00e1s viajeros \u26f5<\/p>\n<p><a href=\"https:\/\/wildwavebacalar.com\/ameliacatalog%20service%3D1\">\u00a1Reservar ahora!<\/a><\/p>\n<h4>Velero privado al amanecer con desayuno a bordo<\/h4>\n<p>Disfruta de un desayuno al amanecer en la tranquilidad de Bacalar a bordo de un velero.<\/p>\n<p><a href=\"http:\/\/\">\u00a1Reservar ahora!<\/a><\/p>\n<h4>Velero privado en la Laguna de Bacalar<\/h4>\n<p>Disfruta de la exclusividad de tener un velero privado para tu grupo \u26f5\ud83c\udf34<\/p>\n<p><a href=\"http:\/\/\">\u00a1Reservar ahora!<\/a><\/p>\n<h4>Paddleboard al amanecer<\/h4>\n<p>Rec\u00e1rgate de energ\u00eda con los primeros rayos del sol \ud83c\udf05 y disfruta de un amanecer en la Laguna.<\/p>\n<p><a href=\"http:\/\/\">\u00a1Reservar ahora!<\/a><\/p>\n<h4>Tour en pont\u00f3n (motorboat)<\/h4>\n<p>Visita los puntos m\u00e1s importantes de la laguna a bordo de una c\u00f3moda embarcaci\u00f3n a motor.<\/p>\n<p><a href=\"http:\/\/\">\u00a1Reservar ahora!<\/a><\/p>\n<h1>CONTACTO<\/h1>\n<p><a href=\"http:\/\/wa.me\/529831550810\"><br \/>\n<\/a><\/p>\n<h3>\n\t\t\t\t\t<a href=\"http:\/\/wa.me\/529831550810\"><br \/>\n+52 9831550810\t\t\t\t\t<\/a><\/h3>\n<p><a href=\"mailto:info@wildwavebacalar.com\"><br \/>\n<\/a><\/p>\n<h3>\n\t\t\t\t\t<a href=\"mailto:info@wildwavebacalar.com\"><br \/>\ninfo@wildwavebacalar.com\t\t\t\t\t<\/a><\/h3>\n<h3>\n\t\t\t\t\t\tCostera Bacalar 505, Casa Arabe. Marina.<\/h3>\n<p><iframe loading=\"lazy\" src=\"https:\/\/maps.google.com\/maps?q=Costera%20Bacalar%20505%2C%20Casa%20Arabe.%20Marina%20WILD%20WAVE%20BACALAR&amp;t=m&amp;z=10&amp;output=embed&amp;iwloc=near\" title=\"Costera Bacalar 505, Casa Arabe. Marina WILD WAVE BACALAR\" aria-label=\"Costera Bacalar 505, Casa Arabe. Marina WILD WAVE BACALAR\"><\/iframe><\/p>\n<h3>Este es un encabezado<\/h3>\n<p>Lorem ipsum dolor sit amet, consectetur adipiscing elit. Ut elit tellus, luctus nec ullamcorper mattis, pulvinar dapibus leo.<\/p>\n<h3>Este es un encabezado<\/h3>\n<p>Lorem ipsum dolor sit amet, consectetur adipiscing elit. Ut elit tellus, luctus nec ullamcorper mattis, pulvinar dapibus leo.<\/p>\n<h3>Este es un encabezado<\/h3>\n<p>Lorem ipsum dolor sit amet, consectetur adipiscing elit. Ut elit tellus, luctus nec ullamcorper mattis, pulvinar dapibus leo.<\/p>\n<h3>Este es un encabezado<\/h3>\n<p>Lorem ipsum dolor sit amet, consectetur adipiscing elit. Ut elit tellus, luctus nec ullamcorper mattis, pulvinar dapibus leo.<\/p>\n","protected":false},"excerpt":{"rendered":"<p>EXPLORA BACALAR CON NOSOTROS Descubre la Magia de Bacalar en Wild Wave. Navega por las aguas cristalinas de la Laguna de los siete colores y sum\u00e9rgete en su belleza natural. \u00a1Reserva ahora y emb\u00e1rcate en la aventura de tu vida! Nuestros tours te llevar\u00e1n a lugares m\u00e1gicos y te permitir\u00e1n conectar con la naturaleza en [&hellip;]<\/p>\n","protected":false},"author":1,"featured_media":31,"parent":0,"menu_order":0,"comment_status":"closed","ping_status":"closed","template":"","meta":{"footnotes":""},"class_list":["post-74","page","type-page","status-publish","has-post-thumbnail","hentry"],"_links":{"self":[{"href":"https:\/\/wildwavebacalar.com\/en\/wp-json\/wp\/v2\/pages\/74","targetHints":{"allow":["GET"]}}],"collection":[{"href":"https:\/\/wildwavebacalar.com\/en\/wp-json\/wp\/v2\/pages"}],"about":[{"href":"https:\/\/wildwavebacalar.com\/en\/wp-json\/wp\/v2\/types\/page"}],"author":[{"embeddable":true,"href":"https:\/\/wildwavebacalar.com\/en\/wp-json\/wp\/v2\/users\/1"}],"replies":[{"embeddable":true,"href":"https:\/\/wildwavebacalar.com\/en\/wp-json\/wp\/v2\/comments?post=74"}],"version-history":[{"count":100,"href":"https:\/\/wildwavebacalar.com\/en\/wp-json\/wp\/v2\/pages\/74\/revisions"}],"predecessor-version":[{"id":1346,"href":"https:\/\/wildwavebacalar.com\/en\/wp-json\/wp\/v2\/pages\/74\/revisions\/1346"}],"wp:featuredmedia":[{"embeddable":true,"href":"https:\/\/wildwavebacalar.com\/en\/wp-json\/wp\/v2\/media\/31"}],"wp:attachment":[{"href":"https:\/\/wildwavebacalar.com\/en\/wp-json\/wp\/v2\/media?parent=74"}],"curies":[{"name":"wp","href":"https:\/\/api.w.org\/{rel}","templated":true}]}}